{"id":199,"date":"2018-03-19T21:04:03","date_gmt":"2018-03-19T19:04:03","guid":{"rendered":"https:\/\/www.naguseakayak.fi\/?page_id=199"},"modified":"2025-10-26T20:54:58","modified_gmt":"2025-10-26T18:54:58","slug":"kontakta-oss","status":"publish","type":"page","link":"https:\/\/naguseakayak.fi\/sv\/kontakta-oss\/","title":{"rendered":"Kontakta oss"},"content":{"rendered":"<div  class='av_gmaps_sc_main_wrap av_gmaps_main_wrap '><div id='av_gmap_0' class='avia-google-map-container avia-google-map-sc av_gmaps_show_unconditionally av-no-fallback-img ' data-mapid='av_gmap_0'  style='height: 400px;'><a class=\"av_gmaps_browser_disabled av_text_confirm_link av_text_confirm_link_visible\" href=\"https:\/\/www.google.com\/maps\/search\/?api=1&#038;query=Saaristotie%203718%2021650%20Hangslax%20%20Finland\" target=\"_blank\">Maps were disabled by the visitor on this site. Click to open the map in a new window.<\/a><\/div><\/div>\n<div class='flex_column_table av-su9gv-87a7e6fd5bfa775f2a1fbab9abb48fdc sc-av_one_half av-equal-height-column-flextable'>\n<style type=\"text\/css\" data-created_by=\"avia_inline_auto\" id=\"style-css-av-su9gv-87a7e6fd5bfa775f2a1fbab9abb48fdc\">\n.flex_column.av-su9gv-87a7e6fd5bfa775f2a1fbab9abb48fdc{\nborder-radius:0px 0px 0px 0px;\npadding:0px 0px 0px 0px;\n}\n<\/style>\n<div  class='flex_column av-su9gv-87a7e6fd5bfa775f2a1fbab9abb48fdc av_one_half  avia-builder-el-1  el_after_av_google_map  el_before_av_one_half  avia-builder-el-first  first flex_column_table_cell av-equal-height-column av-align-top av-zero-column-padding  '     ><style type=\"text\/css\" data-created_by=\"avia_inline_auto\" id=\"style-css-av-j6ebj-6e3bf6acee3b0204294d5afbe2ceb477\">\n#top .av_textblock_section.av-j6ebj-6e3bf6acee3b0204294d5afbe2ceb477 .avia_textblock{\nfont-size:16px;\n}\n<\/style>\n<section  class='av_textblock_section av-j6ebj-6e3bf6acee3b0204294d5afbe2ceb477 '   itemscope=\"itemscope\" itemtype=\"https:\/\/schema.org\/CreativeWork\" ><div class='avia_textblock'  itemprop=\"text\" ><h1 style=\"text-align: center;\">Om oss<\/h1>\n<p style=\"text-align: center;\">Nagu Seakayak \u00e4r ett litet familjef\u00f6retag, vi tar sj\u00e4lva hand om guidning och kost p\u00e5 v\u00e5ra paddlingsturer. Alltid n\u00e4r det \u00e4r m\u00f6jligt, anv\u00e4nder vi oss av lokalt och ekoproducerad mat. V\u00e5ra turer leds av utbildade guider. V\u00e5ra kajaker och annan utrustning kontrolleras regelbundet. Vi har singel-och dubbelkajaker till v\u00e5rt f\u00f6rfogande.<\/p>\n<p style=\"text-align: center;\">Vi ger guidning p\u00e5 finska, svenska och engelska. Tyska och franska ordnas vid behov.<\/p>\n<\/div><\/section><\/div>\n<div class='av-flex-placeholder'><\/div>\n<style type=\"text\/css\" data-created_by=\"avia_inline_auto\" id=\"style-css-av-su9gv-2-b4fdf2f6fc853e888d2957620001d800\">\n.flex_column.av-su9gv-2-b4fdf2f6fc853e888d2957620001d800{\nborder-radius:0px 0px 0px 0px;\npadding:0px 0px 0px 0px;\n}\n<\/style>\n<div  class='flex_column av-su9gv-2-b4fdf2f6fc853e888d2957620001d800 av_one_half  avia-builder-el-3  el_after_av_one_half  avia-builder-el-last  flex_column_table_cell av-equal-height-column av-align-top av-zero-column-padding  '     ><style type=\"text\/css\" data-created_by=\"avia_inline_auto\" id=\"style-css-av-j6ebj-1-ebc981e9bed012032fc853eec36694ae\">\n#top .av_textblock_section.av-j6ebj-1-ebc981e9bed012032fc853eec36694ae .avia_textblock{\nfont-size:16px;\n}\n<\/style>\n<section  class='av_textblock_section av-j6ebj-1-ebc981e9bed012032fc853eec36694ae '   itemscope=\"itemscope\" itemtype=\"https:\/\/schema.org\/CreativeWork\" ><div class='avia_textblock'  itemprop=\"text\" ><h1 style=\"text-align: center;\">Kontakta oss<\/h1>\n<p style=\"text-align: center;\">Nagu Seakayak<br \/>\nJoakim Enckell<br \/>\n<a href=\"tel:+358%2050%205651930\" target=\"_blank\" rel=\"noopener\">+358 505651930<\/a><br \/>\n<a href=\"mailto:joakim.enckell@nagusekayak.fi\" target=\"_blank\" rel=\"noopener\">E-post<\/a><br \/>\nSk\u00e4rg\u00e5rdsv\u00e4gen 3718<br \/>\n21660 NAGU<br \/>\nFinland<\/p>\n<p style=\"text-align: center;\"><strong>Trafikf\u00f6rbindelser<\/strong><br \/>\nMed buss: <a href=\"http:\/\/tlo.fi\/reitit-ja-aikataulut\/saaristobussi\/\">tlo.fi \u00bb<\/a><br \/>\nMed f\u00e4rja fr\u00e5n \u00c5bo: <a href=\"https:\/\/vitharun.fi\/sv\/tidtabeller\/abo-sjalo-nagu\/\">vitharun.fi \u00bb<\/a><\/p>\n<\/div><\/section><\/div><\/div><!--close column table wrapper. Autoclose: 1 -->\n","protected":false},"excerpt":{"rendered":"","protected":false},"author":1,"featured_media":0,"parent":0,"menu_order":12,"comment_status":"closed","ping_status":"closed","template":"","meta":{"footnotes":""},"class_list":["post-199","page","type-page","status-publish","hentry"],"yoast_head":"<!-- This site is optimized with the Yoast SEO plugin v27.5 - https:\/\/yoast.com\/product\/yoast-seo-wordpress\/ -->\n<title>Kontakta oss - Nagu Sea Kayak<\/title>\n<meta name=\"robots\" content=\"index, follow, max-snippet:-1, max-image-preview:large, max-video-preview:-1\" \/>\n<link rel=\"canonical\" href=\"https:\/\/naguseakayak.fi\/sv\/kontakta-oss\/\" \/>\n<meta property=\"og:locale\" content=\"sv_SE\" \/>\n<meta property=\"og:type\" content=\"article\" \/>\n<meta property=\"og:title\" content=\"Kontakta oss - Nagu Sea Kayak\" \/>\n<meta property=\"og:url\" content=\"https:\/\/naguseakayak.fi\/sv\/kontakta-oss\/\" \/>\n<meta property=\"og:site_name\" content=\"Nagu Sea Kayak\" \/>\n<meta property=\"article:publisher\" content=\"https:\/\/www.facebook.com\/naguseakayak\/\" \/>\n<meta property=\"article:modified_time\" content=\"2025-10-26T18:54:58+00:00\" \/>\n<meta name=\"twitter:card\" content=\"summary_large_image\" \/>\n<meta name=\"twitter:label1\" content=\"Ber\u00e4knad l\u00e4stid\" \/>\n\t<meta name=\"twitter:data1\" content=\"1 minut\" \/>\n<script type=\"application\/ld+json\" class=\"yoast-schema-graph\">{\"@context\":\"https:\\\/\\\/schema.org\",\"@graph\":[{\"@type\":\"WebPage\",\"@id\":\"https:\\\/\\\/naguseakayak.fi\\\/sv\\\/kontakta-oss\\\/\",\"url\":\"https:\\\/\\\/naguseakayak.fi\\\/sv\\\/kontakta-oss\\\/\",\"name\":\"Kontakta oss - Nagu Sea Kayak\",\"isPartOf\":{\"@id\":\"https:\\\/\\\/naguseakayak.fi\\\/sv\\\/#website\"},\"datePublished\":\"2018-03-19T19:04:03+00:00\",\"dateModified\":\"2025-10-26T18:54:58+00:00\",\"breadcrumb\":{\"@id\":\"https:\\\/\\\/naguseakayak.fi\\\/sv\\\/kontakta-oss\\\/#breadcrumb\"},\"inLanguage\":\"sv-SE\",\"potentialAction\":[{\"@type\":\"ReadAction\",\"target\":[\"https:\\\/\\\/naguseakayak.fi\\\/sv\\\/kontakta-oss\\\/\"]}]},{\"@type\":\"BreadcrumbList\",\"@id\":\"https:\\\/\\\/naguseakayak.fi\\\/sv\\\/kontakta-oss\\\/#breadcrumb\",\"itemListElement\":[{\"@type\":\"ListItem\",\"position\":1,\"name\":\"Home\",\"item\":\"https:\\\/\\\/naguseakayak.fi\\\/sv\\\/etusivu\\\/\"},{\"@type\":\"ListItem\",\"position\":2,\"name\":\"Kontakta oss\"}]},{\"@type\":\"WebSite\",\"@id\":\"https:\\\/\\\/naguseakayak.fi\\\/sv\\\/#website\",\"url\":\"https:\\\/\\\/naguseakayak.fi\\\/sv\\\/\",\"name\":\"Nagu Sea Kayak\",\"description\":\"Kajakkimelontaa Nauvossa\",\"potentialAction\":[{\"@type\":\"SearchAction\",\"target\":{\"@type\":\"EntryPoint\",\"urlTemplate\":\"https:\\\/\\\/naguseakayak.fi\\\/sv\\\/?s={search_term_string}\"},\"query-input\":{\"@type\":\"PropertyValueSpecification\",\"valueRequired\":true,\"valueName\":\"search_term_string\"}}],\"inLanguage\":\"sv-SE\"}]}<\/script>\n<!-- \/ Yoast SEO plugin. -->","yoast_head_json":{"title":"Kontakta oss - Nagu Sea Kayak","robots":{"index":"index","follow":"follow","max-snippet":"max-snippet:-1","max-image-preview":"max-image-preview:large","max-video-preview":"max-video-preview:-1"},"canonical":"https:\/\/naguseakayak.fi\/sv\/kontakta-oss\/","og_locale":"sv_SE","og_type":"article","og_title":"Kontakta oss - Nagu Sea Kayak","og_url":"https:\/\/naguseakayak.fi\/sv\/kontakta-oss\/","og_site_name":"Nagu Sea Kayak","article_publisher":"https:\/\/www.facebook.com\/naguseakayak\/","article_modified_time":"2025-10-26T18:54:58+00:00","twitter_card":"summary_large_image","twitter_misc":{"Ber\u00e4knad l\u00e4stid":"1 minut"},"schema":{"@context":"https:\/\/schema.org","@graph":[{"@type":"WebPage","@id":"https:\/\/naguseakayak.fi\/sv\/kontakta-oss\/","url":"https:\/\/naguseakayak.fi\/sv\/kontakta-oss\/","name":"Kontakta oss - Nagu Sea Kayak","isPartOf":{"@id":"https:\/\/naguseakayak.fi\/sv\/#website"},"datePublished":"2018-03-19T19:04:03+00:00","dateModified":"2025-10-26T18:54:58+00:00","breadcrumb":{"@id":"https:\/\/naguseakayak.fi\/sv\/kontakta-oss\/#breadcrumb"},"inLanguage":"sv-SE","potentialAction":[{"@type":"ReadAction","target":["https:\/\/naguseakayak.fi\/sv\/kontakta-oss\/"]}]},{"@type":"BreadcrumbList","@id":"https:\/\/naguseakayak.fi\/sv\/kontakta-oss\/#breadcrumb","itemListElement":[{"@type":"ListItem","position":1,"name":"Home","item":"https:\/\/naguseakayak.fi\/sv\/etusivu\/"},{"@type":"ListItem","position":2,"name":"Kontakta oss"}]},{"@type":"WebSite","@id":"https:\/\/naguseakayak.fi\/sv\/#website","url":"https:\/\/naguseakayak.fi\/sv\/","name":"Nagu Sea Kayak","description":"Kajakkimelontaa Nauvossa","potentialAction":[{"@type":"SearchAction","target":{"@type":"EntryPoint","urlTemplate":"https:\/\/naguseakayak.fi\/sv\/?s={search_term_string}"},"query-input":{"@type":"PropertyValueSpecification","valueRequired":true,"valueName":"search_term_string"}}],"inLanguage":"sv-SE"}]}},"_links":{"self":[{"href":"https:\/\/naguseakayak.fi\/sv\/wp-json\/wp\/v2\/pages\/199","targetHints":{"allow":["GET"]}}],"collection":[{"href":"https:\/\/naguseakayak.fi\/sv\/wp-json\/wp\/v2\/pages"}],"about":[{"href":"https:\/\/naguseakayak.fi\/sv\/wp-json\/wp\/v2\/types\/page"}],"author":[{"embeddable":true,"href":"https:\/\/naguseakayak.fi\/sv\/wp-json\/wp\/v2\/users\/1"}],"replies":[{"embeddable":true,"href":"https:\/\/naguseakayak.fi\/sv\/wp-json\/wp\/v2\/comments?post=199"}],"version-history":[{"count":16,"href":"https:\/\/naguseakayak.fi\/sv\/wp-json\/wp\/v2\/pages\/199\/revisions"}],"predecessor-version":[{"id":1454,"href":"https:\/\/naguseakayak.fi\/sv\/wp-json\/wp\/v2\/pages\/199\/revisions\/1454"}],"wp:attachment":[{"href":"https:\/\/naguseakayak.fi\/sv\/wp-json\/wp\/v2\/media?parent=199"}],"curies":[{"name":"wp","href":"https:\/\/api.w.org\/{rel}","templated":true}]}}